{"id":883,"date":"2021-02-02T13:07:03","date_gmt":"2021-02-02T12:07:03","guid":{"rendered":"https:\/\/the-zander.art\/?page_id=883"},"modified":"2021-04-06T16:11:25","modified_gmt":"2021-04-06T14:11:25","slug":"impressum-imprint","status":"publish","type":"page","link":"https:\/\/the-zander.art\/en\/impressum-imprint\/","title":{"rendered":"Imprint"},"content":{"rendered":"<div class=\"wp-block-columns is-layout-flex wp-container-core-columns-is-layout-9d6595d7 wp-block-columns-is-layout-flex\">\n<div class=\"wp-block-column is-layout-flow wp-block-column-is-layout-flow\">\n<p><strong>Imprint<\/strong><br><strong>Angaben gem\u00e4\u00df \u00a7 5 TMG&nbsp;<\/strong><\/p>\n\n\n\n<p>Michael Zander<br>Michael Zander &#8211; Photo Prints<br>Kirchdorf 64<br>25335 Neuendorf&nbsp;<\/p>\n\n\n\n<p><strong>Kontakt&nbsp;<\/strong><\/p>\n\n\n\n<p>Telefon: +49 1590 6037622<br>Telefax: +49 4121 266 470<br>E-Mail: <a href=\"mailto:admin@the-zander.art\" target=\"_blank\" rel=\"noreferrer noopener\">admin@the-zander.art<\/a>&nbsp;<\/p>\n\n\n\n<p><strong>Redaktionell Verantwortlicher&nbsp;<\/strong><\/p>\n\n\n\n<p>Michael Zander<br>Kirchdorf 64<br>25335 Neuendorf&nbsp;<\/p>\n\n\n\n<p><strong>EU-Streitschlichtung&nbsp;<\/strong><\/p>\n\n\n\n<p>Die Europ\u00e4ische Kommission stellt eine Plattform zur Online-Streitbeilegung (OS) bereit: https:\/\/ec.europa.eu\/consumers\/odr.<br>Unsere E-Mail-Adresse finden Sie oben im Impressum.&nbsp;<\/p>\n\n\n\n<p><strong>Verbraucherstreitbeilegung\/Universalschlichtungsstelle&nbsp;<\/strong><\/p>\n\n\n\n<p>Wir sind nicht bereit oder verpflichtet, an Streitbeilegungsverfahren vor einer Verbraucherschlichtungsstelle teilzunehmen.&nbsp;<\/p>\n\n\n\n<p><strong>Haftung f\u00fcr Inhalte&nbsp;<\/strong><\/p>\n\n\n\n<p>Als Diensteanbieter sind wir gem\u00e4\u00df \u00a7 7 Abs.1 TMG f\u00fcr eigene Inhalte auf diesen Seiten nach den allgemeinen Gesetzen verantwortlich. Nach \u00a7\u00a7 8 bis 10 TMG sind wir als Diensteanbieter jedoch nicht verpflichtet, \u00fcbermittelte oder gespeicherte fremde Informationen zu \u00fcberwachen oder nach Umst\u00e4nden zu forschen, die auf eine rechtswidrige T\u00e4tigkeit hinweisen.<br>Verpflichtungen zur Entfernung oder Sperrung der Nutzung von Informationen nach den allgemeinen Gesetzen bleiben hiervon unber\u00fchrt. Eine diesbez\u00fcgliche Haftung ist jedoch erst ab dem Zeitpunkt der Kenntnis einer konkreten Rechtsverletzung m\u00f6glich. Bei Bekanntwerden von entsprechenden Rechtsverletzungen werden wir diese Inhalte umgehend entfernen.&nbsp;<\/p>\n\n\n\n<p><strong>Haftung f\u00fcr Links&nbsp;<\/strong><\/p>\n\n\n\n<p>Unser Angebot enth\u00e4lt Links zu externen Websites Dritter, auf deren Inhalte wir keinen Einfluss haben. Deshalb k\u00f6nnen wir f\u00fcr diese fremden Inhalte auch keine Gew\u00e4hr \u00fcbernehmen. F\u00fcr die Inhalte der verlinkten Seiten ist stets der jeweilige Anbieter oder Betreiber der Seiten verantwortlich. Die verlinkten Seiten wurden zum Zeitpunkt der Verlinkung auf m\u00f6gliche Rechtsverst\u00f6\u00dfe \u00fcberpr\u00fcft. Rechtswidrige Inhalte waren zum Zeitpunkt der Verlinkung nicht erkennbar.&nbsp;<\/p>\n\n\n\n<p>Eine permanente inhaltliche Kontrolle der verlinkten Seiten ist jedoch ohne konkrete Anhaltspunkte einer Rechtsverletzung nicht zumutbar. Bei Bekanntwerden von Rechtsverletzungen werden wir derartige Links umgehend entfernen.&nbsp;<\/p>\n\n\n\n<p><strong>Urheberrecht&nbsp;<\/strong><\/p>\n\n\n\n<p>Die durch die Seitenbetreiber erstellten Inhalte und Werke auf diesen Seiten unterliegen dem deutschen Urheberrecht. Die Vervielf\u00e4ltigung, Bearbeitung, Verbreitung und jede Art der Verwertung au\u00dferhalb der Grenzen des Urheberrechtes bed\u00fcrfen der schriftlichen Zustimmung des jeweiligen Autors bzw. Erstellers. Downloads und Kopien dieser Seite sind nur f\u00fcr den privaten, nicht kommerziellen Gebrauch gestattet.&nbsp;<\/p>\n\n\n\n<p>Soweit die Inhalte auf dieser Seite nicht vom Betreiber erstellt wurden, werden die Urheberrechte Dritter beachtet. Insbesondere werden Inhalte Dritter als solche gekennzeichnet. Sollten Sie trotzdem auf eine Urheberrechtsverletzung aufmerksam werden, bitten wir um einen entsprechenden Hinweis. Bei Bekanntwerden von Rechtsverletzungen werden wir derartige Inhalte umgehend entfernen.&nbsp;<\/p>\n\n\n\n<p>Quelle: <a href=\"https:\/\/www.e-recht24.de\" target=\"_blank\" rel=\"noreferrer noopener\">https:\/\/www.e-recht24.de&nbsp;<\/a><\/p>\n<\/div>\n\n\n\n<div class=\"wp-block-column is-layout-flow wp-block-column-is-layout-flow\">\n<p><strong>Legal Disclosure\/Imprint<\/strong><br><strong>Information in accordance with Section 5 TMG&nbsp;<\/strong><\/p>\n\n\n\n<p>Michael Zander<br>Michael Zander &#8211; Photo Prints<br>Kirchdorf 64<br>25335 Neuendorf<\/p>\n\n\n\n<p><strong>Contact Information<\/strong><\/p>\n\n\n\n<p>Telephone: +49 1590 603 76 22<br>Fax: +49 4121 266 470<br>E-Mail: <a href=\"mailto:admin@the-zander.art\" target=\"_blank\" rel=\"noreferrer noopener\">admin@the-zander.art<\/a><\/p>\n\n\n\n<p>Internet address: <a href=\"https:\/\/the-zander.art\/en\/\" target=\"_blank\" rel=\"noreferrer noopener\">https:\/\/www.the-zander.art<\/a><\/p>\n\n\n\n<p><strong>Disclaimer<\/strong><\/p>\n\n\n\n<p><strong>Accountability for content<\/strong><\/p>\n\n\n\n<p>The contents of our pages have been created with the utmost care. However, we cannot guarantee the contents&#8216; accuracy, completeness or topicality. According to statutory provisions, we are furthermore responsible for our own content on these web pages. In this matter, please note that we are not obliged to monitor the transmitted or saved information of third parties, or investigate circumstances pointing to illegal activity. Our obligations to remove or block the use of information under generally applicable laws remain unaffected by this as per \u00a7\u00a7 8 to 10 of the Telemedia Act (TMG).&nbsp;<\/p>\n\n\n\n<p><strong>Accountability for links<\/strong><\/p>\n\n\n\n<p>Responsibility for the content of external links (to web pages of third parties) lies solely with the operators of the linked pages. No violations were evident to us at the time of linking. Should any legal infringement become known to us, we will remove the respective link immediately.<\/p>\n\n\n\n<p><strong>Copyright<\/strong><\/p>\n\n\n\n<p>Our web pages and their contents are subject to German copyright law. Unless expressly permitted by law, every form of utilizing, reproducing or processing works subject to copyright protection on our web pages requires the prior consent of the respective owner of the rights. Individual reproductions of a work are only allowed for private use. The materials from these pages are copyrighted and any unauthorized use may violate copyright laws.&nbsp;<\/p>\n\n\n\n<p>Thanks to: <a href=\"http:\/\/www.translate-24h.de\/\" target=\"_blank\" rel=\"noreferrer noopener\">translate-24h.de<\/a><\/p>\n<\/div>\n<\/div>","protected":false},"excerpt":{"rendered":"<p>ImpressumAngaben gem\u00e4\u00df \u00a7 5 TMG&nbsp; Michael ZanderMichael Zander &#8211; Photo PrintsKirchdorf 6425335 Neuendorf&nbsp; Kontakt&nbsp; Telefon: +49 1590 6037622Telefax: +49 4121 266 470E-Mail: admin@the-zander.art&nbsp; Redaktionell Verantwortlicher&nbsp; Michael ZanderKirchdorf 6425335 Neuendorf&nbsp; EU-Streitschlichtung&nbsp; Die Europ\u00e4ische Kommission stellt eine Plattform zur Online-Streitbeilegung (OS) bereit: https:\/\/ec.europa.eu\/consumers\/odr.Unsere E-Mail-Adresse finden Sie oben im Impressum.&nbsp; Verbraucherstreitbeilegung\/Universalschlichtungsstelle&nbsp; Wir sind nicht bereit oder verpflichtet, an [&hellip;]<\/p>\n","protected":false},"author":1,"featured_media":0,"parent":0,"menu_order":0,"comment_status":"closed","ping_status":"closed","template":"","meta":{"ngg_post_thumbnail":0,"footnotes":""},"class_list":["post-883","page","type-page","status-publish","hentry","entry"],"_links":{"self":[{"href":"https:\/\/the-zander.art\/en\/wp-json\/wp\/v2\/pages\/883","targetHints":{"allow":["GET"]}}],"collection":[{"href":"https:\/\/the-zander.art\/en\/wp-json\/wp\/v2\/pages"}],"about":[{"href":"https:\/\/the-zander.art\/en\/wp-json\/wp\/v2\/types\/page"}],"author":[{"embeddable":true,"href":"https:\/\/the-zander.art\/en\/wp-json\/wp\/v2\/users\/1"}],"replies":[{"embeddable":true,"href":"https:\/\/the-zander.art\/en\/wp-json\/wp\/v2\/comments?post=883"}],"version-history":[{"count":14,"href":"https:\/\/the-zander.art\/en\/wp-json\/wp\/v2\/pages\/883\/revisions"}],"predecessor-version":[{"id":1715,"href":"https:\/\/the-zander.art\/en\/wp-json\/wp\/v2\/pages\/883\/revisions\/1715"}],"wp:attachment":[{"href":"https:\/\/the-zander.art\/en\/wp-json\/wp\/v2\/media?parent=883"}],"curies":[{"name":"wp","href":"https:\/\/api.w.org\/{rel}","templated":true}]}}